{"id":11204,"date":"2024-08-31T22:15:25","date_gmt":"2024-08-31T22:15:25","guid":{"rendered":"https:\/\/visitkritsa.gr\/blog\/"},"modified":"2024-12-06T13:01:45","modified_gmt":"2024-12-06T13:01:45","slug":"blog","status":"publish","type":"page","link":"https:\/\/visitkritsa.gr\/de\/blog\/","title":{"rendered":"Blog"},"content":{"rendered":"\t\t<div data-elementor-type=\"wp-page\" data-elementor-id=\"11204\" class=\"elementor elementor-11204 elementor-7803\" data-elementor-post-type=\"page\">\n\t\t\t\t\t\t<section class=\"elementor-section elementor-top-section elementor-element elementor-element-b9c1af4 elementor-section-height-min-height elementor-section-boxed elementor-section-height-default elementor-section-items-middle\" data-id=\"b9c1af4\" data-element_type=\"section\" data-e-type=\"section\" data-settings=\"{&quot;background_background&quot;:&quot;classic&quot;}\">\n\t\t\t\t\t\t\t<div class=\"elementor-background-overlay\"><\/div>\n\t\t\t\t\t\t\t<div class=\"elementor-container elementor-column-gap-default\">\n\t\t\t\t\t<div class=\"elementor-column elementor-col-100 elementor-top-column elementor-element elementor-element-975a60a\" data-id=\"975a60a\" data-element_type=\"column\" data-e-type=\"column\">\n\t\t\t<div class=\"elementor-widget-wrap elementor-element-populated\">\n\t\t\t\t\t\t<div class=\"elementor-element elementor-element-29ae04d elementor-widget-divider--separator-type-pattern elementor-widget-divider--view-line elementor-widget elementor-widget-divider\" data-id=\"29ae04d\" data-element_type=\"widget\" data-e-type=\"widget\" data-widget_type=\"divider.default\">\n\t\t\t\t<div class=\"elementor-widget-container\">\n\t\t\t\t\t\t\t<div class=\"elementor-divider\" style=\"--divider-pattern-url: url(&quot;data:image\/svg+xml,%3Csvg xmlns=&#039;http:\/\/www.w3.org\/2000\/svg&#039; preserveAspectRatio=&#039;none&#039; overflow=&#039;visible&#039; height=&#039;100%&#039; viewBox=&#039;0 0 24 24&#039; fill=&#039;none&#039; stroke=&#039;black&#039; stroke-width=&#039;4&#039; stroke-linecap=&#039;square&#039; stroke-miterlimit=&#039;10&#039;%3E%3Cpath d=&#039;M0,6c6,0,6,13,12,13S18,6,24,6&#039;\/%3E%3C\/svg%3E&quot;);\">\n\t\t\t<span class=\"elementor-divider-separator\">\n\t\t\t\t\t\t<\/span>\n\t\t<\/div>\n\t\t\t\t\t\t<\/div>\n\t\t\t\t<\/div>\n\t\t\t\t<div class=\"elementor-element elementor-element-c777aef elementor-widget elementor-widget-heading\" data-id=\"c777aef\" data-element_type=\"widget\" data-e-type=\"widget\" data-widget_type=\"heading.default\">\n\t\t\t\t<div class=\"elementor-widget-container\">\n\t\t\t\t\t<h2 class=\"elementor-heading-title elementor-size-default\">Unser Blog  <\/h2>\t\t\t\t<\/div>\n\t\t\t\t<\/div>\n\t\t\t\t\t<\/div>\n\t\t<\/div>\n\t\t\t\t\t<\/div>\n\t\t<\/section>\n\t\t\t\t<section class=\"elementor-section elementor-top-section elementor-element elementor-element-2f367e3 elementor-section-boxed elementor-section-height-default elementor-section-height-default\" data-id=\"2f367e3\" data-element_type=\"section\" data-e-type=\"section\">\n\t\t\t\t\t\t<div class=\"elementor-container elementor-column-gap-default\">\n\t\t\t\t\t<div class=\"elementor-column elementor-col-100 elementor-top-column elementor-element elementor-element-0cec44c\" data-id=\"0cec44c\" data-element_type=\"column\" data-e-type=\"column\">\n\t\t\t<div class=\"elementor-widget-wrap elementor-element-populated\">\n\t\t\t\t\t\t<div class=\"elementor-element elementor-element-3abbde3 elementor-widget elementor-widget-heading\" data-id=\"3abbde3\" data-element_type=\"widget\" data-e-type=\"widget\" data-widget_type=\"heading.default\">\n\t\t\t\t<div class=\"elementor-widget-container\">\n\t\t\t\t\t<h2 class=\"elementor-heading-title elementor-size-default\">Neueste Artikel &amp; News<\/h2>\t\t\t\t<\/div>\n\t\t\t\t<\/div>\n\t\t\t\t<div class=\"elementor-element elementor-element-056c5e1 elementor-grid-3 elementor-grid-tablet-2 elementor-grid-mobile-1 elementor-posts--thumbnail-top elementor-posts__hover-gradient elementor-widget elementor-widget-posts\" data-id=\"056c5e1\" data-element_type=\"widget\" data-e-type=\"widget\" data-settings=\"{&quot;cards_row_gap_tablet&quot;:{&quot;unit&quot;:&quot;px&quot;,&quot;size&quot;:20,&quot;sizes&quot;:[]},&quot;cards_columns&quot;:&quot;3&quot;,&quot;cards_columns_tablet&quot;:&quot;2&quot;,&quot;cards_columns_mobile&quot;:&quot;1&quot;,&quot;cards_row_gap&quot;:{&quot;unit&quot;:&quot;px&quot;,&quot;size&quot;:35,&quot;sizes&quot;:[]},&quot;cards_row_gap_mobile&quot;:{&quot;unit&quot;:&quot;px&quot;,&quot;size&quot;:&quot;&quot;,&quot;sizes&quot;:[]}}\" data-widget_type=\"posts.cards\">\n\t\t\t\t<div class=\"elementor-widget-container\">\n\t\t\t\t\t\t\t<div class=\"elementor-posts-container elementor-posts elementor-posts--skin-cards elementor-grid\" role=\"list\">\n\t\t\t\t<article class=\"elementor-post elementor-grid-item post-11391 post type-post status-publish format-standard has-post-thumbnail hentry category-information-de\" role=\"listitem\">\n\t\t\t<div class=\"elementor-post__card\">\n\t\t\t\t<a class=\"elementor-post__thumbnail__link\" href=\"https:\/\/visitkritsa.gr\/de\/nuetzliche-informationen\/\" tabindex=\"-1\" ><div class=\"elementor-post__thumbnail\"><img fetchpriority=\"high\" decoding=\"async\" width=\"1920\" height=\"1080\" src=\"https:\/\/visitkritsa.gr\/wp-content\/uploads\/2024\/08\/St-George1.png\" class=\"attachment-full size-full wp-image-10541\" alt=\"Visit Kritsa\" srcset=\"https:\/\/visitkritsa.gr\/wp-content\/uploads\/2024\/08\/St-George1.png 1920w, https:\/\/visitkritsa.gr\/wp-content\/uploads\/2024\/08\/St-George1-300x169.png 300w, https:\/\/visitkritsa.gr\/wp-content\/uploads\/2024\/08\/St-George1-1024x576.png 1024w, https:\/\/visitkritsa.gr\/wp-content\/uploads\/2024\/08\/St-George1-768x432.png 768w, https:\/\/visitkritsa.gr\/wp-content\/uploads\/2024\/08\/St-George1-1536x864.png 1536w\" sizes=\"(max-width: 1920px) 100vw, 1920px\" \/><\/div><\/a>\n\t\t\t\t<div class=\"elementor-post__badge\">Information<\/div>\n\t\t\t\t<div class=\"elementor-post__text\">\n\t\t\t\t<h3 class=\"elementor-post__title\">\n\t\t\t<a href=\"https:\/\/visitkritsa.gr\/de\/nuetzliche-informationen\/\" >\n\t\t\t\tN\u00fctzliche Informationen\t\t\t<\/a>\n\t\t<\/h3>\n\t\t\t\t<div class=\"elementor-post__excerpt\">\n\t\t\t<p>N\u00fctzliche Informationen \u00fcber Kritsa und die Umgebung Kritsa, ein traditionelles kretisches Dorf in der N\u00e4he von Agios Nikolaos, bietet einzigartige<\/p>\n\t\t<\/div>\n\t\t\t\t<\/div>\n\t\t\t\t\t<\/div>\n\t\t<\/article>\n\t\t\t\t<article class=\"elementor-post elementor-grid-item post-11185 post type-post status-publish format-standard has-post-thumbnail hentry category-hiking-adventure-de\" role=\"listitem\">\n\t\t\t<div class=\"elementor-post__card\">\n\t\t\t\t<a class=\"elementor-post__thumbnail__link\" href=\"https:\/\/visitkritsa.gr\/de\/kritsa-your-gateway-to-cretan-adventure\/\" tabindex=\"-1\" ><div class=\"elementor-post__thumbnail\"><img decoding=\"async\" width=\"2048\" height=\"1360\" src=\"https:\/\/visitkritsa.gr\/wp-content\/uploads\/2024\/05\/DSC_0304.jpeg\" class=\"attachment-full size-full wp-image-10391\" alt=\"Visit Kritsa\" srcset=\"https:\/\/visitkritsa.gr\/wp-content\/uploads\/2024\/05\/DSC_0304.jpeg 2048w, https:\/\/visitkritsa.gr\/wp-content\/uploads\/2024\/05\/DSC_0304-300x199.jpeg 300w, https:\/\/visitkritsa.gr\/wp-content\/uploads\/2024\/05\/DSC_0304-1024x680.jpeg 1024w, https:\/\/visitkritsa.gr\/wp-content\/uploads\/2024\/05\/DSC_0304-768x510.jpeg 768w, https:\/\/visitkritsa.gr\/wp-content\/uploads\/2024\/05\/DSC_0304-1536x1020.jpeg 1536w, https:\/\/visitkritsa.gr\/wp-content\/uploads\/2024\/05\/DSC_0304-600x398.jpeg 600w\" sizes=\"(max-width: 2048px) 100vw, 2048px\" \/><\/div><\/a>\n\t\t\t\t<div class=\"elementor-post__badge\">Hiking-Adventure<\/div>\n\t\t\t\t<div class=\"elementor-post__text\">\n\t\t\t\t<h3 class=\"elementor-post__title\">\n\t\t\t<a href=\"https:\/\/visitkritsa.gr\/de\/kritsa-your-gateway-to-cretan-adventure\/\" >\n\t\t\t\tKritsa: Ihr Tor zum kretischen Abenteuer\t\t\t<\/a>\n\t\t<\/h3>\n\t\t\t\t<div class=\"elementor-post__excerpt\">\n\t\t\t<p>Aufruf an alle Abenteuerlustigen und Naturliebhaber! Kritsa ist nicht nur ein charmantes Dorf \u2013 es ist Ihr perfektes Basislager, um<\/p>\n\t\t<\/div>\n\t\t\t\t<\/div>\n\t\t\t\t\t<\/div>\n\t\t<\/article>\n\t\t\t\t<article class=\"elementor-post elementor-grid-item post-11187 post type-post status-publish format-standard has-post-thumbnail hentry category-kulinarisch\" role=\"listitem\">\n\t\t\t<div class=\"elementor-post__card\">\n\t\t\t\t<a class=\"elementor-post__thumbnail__link\" href=\"https:\/\/visitkritsa.gr\/de\/kritsa-ein-fest-fuer-die-sinne\/\" tabindex=\"-1\" ><div class=\"elementor-post__thumbnail\"><img decoding=\"async\" width=\"1933\" height=\"1287\" src=\"https:\/\/visitkritsa.gr\/wp-content\/uploads\/2024\/08\/kritiki-diatrofi-agiosnikolaoscrete.jpg\" class=\"attachment-full size-full wp-image-10562\" alt=\"Visit Kritsa\" srcset=\"https:\/\/visitkritsa.gr\/wp-content\/uploads\/2024\/08\/kritiki-diatrofi-agiosnikolaoscrete.jpg 1933w, https:\/\/visitkritsa.gr\/wp-content\/uploads\/2024\/08\/kritiki-diatrofi-agiosnikolaoscrete-300x200.jpg 300w, https:\/\/visitkritsa.gr\/wp-content\/uploads\/2024\/08\/kritiki-diatrofi-agiosnikolaoscrete-1024x682.jpg 1024w, https:\/\/visitkritsa.gr\/wp-content\/uploads\/2024\/08\/kritiki-diatrofi-agiosnikolaoscrete-768x511.jpg 768w, https:\/\/visitkritsa.gr\/wp-content\/uploads\/2024\/08\/kritiki-diatrofi-agiosnikolaoscrete-1536x1023.jpg 1536w\" sizes=\"(max-width: 1933px) 100vw, 1933px\" \/><\/div><\/a>\n\t\t\t\t<div class=\"elementor-post__badge\">Kulinarisch<\/div>\n\t\t\t\t<div class=\"elementor-post__text\">\n\t\t\t\t<h3 class=\"elementor-post__title\">\n\t\t\t<a href=\"https:\/\/visitkritsa.gr\/de\/kritsa-ein-fest-fuer-die-sinne\/\" >\n\t\t\t\tKritsa: Ein Fest f\u00fcr die Sinne\t\t\t<\/a>\n\t\t<\/h3>\n\t\t\t\t<div class=\"elementor-post__excerpt\">\n\t\t\t<p>Bereiten Sie Ihren Gaumen auf eine unvergessliche kulinarische Reise in Kritsa, Kretas gastronomischem Schatz, vor. Dieses malerische Dorf ist bekannt<\/p>\n\t\t<\/div>\n\t\t\t\t<\/div>\n\t\t\t\t\t<\/div>\n\t\t<\/article>\n\t\t\t\t<article class=\"elementor-post elementor-grid-item post-11213 post type-post status-publish format-standard has-post-thumbnail hentry category-geschichte\" role=\"listitem\">\n\t\t\t<div class=\"elementor-post__card\">\n\t\t\t\t<a class=\"elementor-post__thumbnail__link\" href=\"https:\/\/visitkritsa.gr\/de\/kritsa-eine-reise-durch-die-zeit\/\" tabindex=\"-1\" ><div class=\"elementor-post__thumbnail\"><img loading=\"lazy\" decoding=\"async\" width=\"1920\" height=\"1080\" src=\"https:\/\/visitkritsa.gr\/wp-content\/uploads\/2024\/08\/panagia-kera-canva.jpg\" class=\"attachment-full size-full wp-image-10520\" alt=\"Visit Kritsa\" srcset=\"https:\/\/visitkritsa.gr\/wp-content\/uploads\/2024\/08\/panagia-kera-canva.jpg 1920w, https:\/\/visitkritsa.gr\/wp-content\/uploads\/2024\/08\/panagia-kera-canva-300x169.jpg 300w, https:\/\/visitkritsa.gr\/wp-content\/uploads\/2024\/08\/panagia-kera-canva-1024x576.jpg 1024w, https:\/\/visitkritsa.gr\/wp-content\/uploads\/2024\/08\/panagia-kera-canva-768x432.jpg 768w, https:\/\/visitkritsa.gr\/wp-content\/uploads\/2024\/08\/panagia-kera-canva-1536x864.jpg 1536w\" sizes=\"(max-width: 1920px) 100vw, 1920px\" \/><\/div><\/a>\n\t\t\t\t<div class=\"elementor-post__badge\">Geschichte<\/div>\n\t\t\t\t<div class=\"elementor-post__text\">\n\t\t\t\t<h3 class=\"elementor-post__title\">\n\t\t\t<a href=\"https:\/\/visitkritsa.gr\/de\/kritsa-eine-reise-durch-die-zeit\/\" >\n\t\t\t\tKritsa: Eine Reise durch die Zeit\t\t\t<\/a>\n\t\t<\/h3>\n\t\t\t\t<div class=\"elementor-post__excerpt\">\n\t\t\t<p>Betreten Sie Kritsa, eine lebende Zeitkapsel, die sich in den \u00f6stlichen H\u00fcgeln Kretas befindet. Dieses charmante Dorf mit \u00fcber einem<\/p>\n\t\t<\/div>\n\t\t\t\t<\/div>\n\t\t\t\t\t<\/div>\n\t\t<\/article>\n\t\t\t\t<\/div>\n\t\t\n\t\t\t\t\t\t<\/div>\n\t\t\t\t<\/div>\n\t\t\t\t\t<\/div>\n\t\t<\/div>\n\t\t\t\t\t<\/div>\n\t\t<\/section>\n\t\t\t\t<section class=\"elementor-section elementor-top-section elementor-element elementor-element-4c7397a elementor-section-boxed elementor-section-height-default elementor-section-height-default\" data-id=\"4c7397a\" data-element_type=\"section\" data-e-type=\"section\" data-settings=\"{&quot;background_background&quot;:&quot;classic&quot;}\">\n\t\t\t\t\t\t\t<div class=\"elementor-background-overlay\"><\/div>\n\t\t\t\t\t\t\t<div class=\"elementor-container elementor-column-gap-default\">\n\t\t\t\t\t<div class=\"elementor-column elementor-col-100 elementor-top-column elementor-element elementor-element-6826e68\" data-id=\"6826e68\" data-element_type=\"column\" data-e-type=\"column\">\n\t\t\t<div class=\"elementor-widget-wrap elementor-element-populated\">\n\t\t\t\t\t\t<div class=\"elementor-element elementor-element-df58d5f elementor-widget-divider--separator-type-pattern elementor-widget-divider--view-line elementor-widget elementor-widget-divider\" data-id=\"df58d5f\" data-element_type=\"widget\" data-e-type=\"widget\" data-widget_type=\"divider.default\">\n\t\t\t\t<div class=\"elementor-widget-container\">\n\t\t\t\t\t\t\t<div class=\"elementor-divider\" style=\"--divider-pattern-url: url(&quot;data:image\/svg+xml,%3Csvg xmlns=&#039;http:\/\/www.w3.org\/2000\/svg&#039; preserveAspectRatio=&#039;none&#039; overflow=&#039;visible&#039; height=&#039;100%&#039; viewBox=&#039;0 0 24 24&#039; fill=&#039;none&#039; stroke=&#039;black&#039; stroke-width=&#039;4&#039; stroke-linecap=&#039;square&#039; stroke-miterlimit=&#039;10&#039;%3E%3Cpath d=&#039;M0,6c6,0,6,13,12,13S18,6,24,6&#039;\/%3E%3C\/svg%3E&quot;);\">\n\t\t\t<span class=\"elementor-divider-separator\">\n\t\t\t\t\t\t<\/span>\n\t\t<\/div>\n\t\t\t\t\t\t<\/div>\n\t\t\t\t<\/div>\n\t\t\t\t<div class=\"elementor-element elementor-element-0d422f7 elementor-widget elementor-widget-heading\" data-id=\"0d422f7\" data-element_type=\"widget\" data-e-type=\"widget\" data-widget_type=\"heading.default\">\n\t\t\t\t<div class=\"elementor-widget-container\">\n\t\t\t\t\t<h2 class=\"elementor-heading-title elementor-size-default\">Melden Sie sich f\u00fcr unseren Newsletter an<\/h2>\t\t\t\t<\/div>\n\t\t\t\t<\/div>\n\t\t\t\t<div class=\"elementor-element elementor-element-d9b3c41 elementor-widget__width-initial elementor-widget-mobile__width-inherit elementor-widget-tablet__width-inherit elementor-widget elementor-widget-text-editor\" data-id=\"d9b3c41\" data-element_type=\"widget\" data-e-type=\"widget\" data-widget_type=\"text-editor.default\">\n\t\t\t\t<div class=\"elementor-widget-container\">\n\t\t\t\t\t\t\t\t\t<p>Melden Sie sich f\u00fcr unseren Newsletter an, um mit Kritsa in Verbindung zu bleiben.<br \/>\nErhalten Sie die neuesten Updates zu unseren Veranstaltungen, kulturellen Erlebnissen und lokalen Attraktionen direkt in Ihrem Posteingang.   <\/p>\n\t\t\t\t\t\t\t\t<\/div>\n\t\t\t\t<\/div>\n\t\t\t\t<div class=\"elementor-element elementor-element-bba6a2d elementor-widget__width-initial elementor-widget-tablet__width-inherit elementor-button-align-stretch elementor-widget elementor-widget-form\" data-id=\"bba6a2d\" data-element_type=\"widget\" data-e-type=\"widget\" data-settings=\"{&quot;step_next_label&quot;:&quot;N\\u00e4chster&quot;,&quot;step_previous_label&quot;:&quot;Vorhergehend&quot;,&quot;button_width&quot;:&quot;30&quot;,&quot;step_type&quot;:&quot;number_text&quot;,&quot;step_icon_shape&quot;:&quot;circle&quot;}\" data-widget_type=\"form.default\">\n\t\t\t\t<div class=\"elementor-widget-container\">\n\t\t\t\t\t\t\t<form class=\"elementor-form\" method=\"post\" name=\"Kontaktformular\" aria-label=\"Kontaktformular\">\n\t\t\t<input type=\"hidden\" name=\"post_id\" value=\"11204\"\/>\n\t\t\t<input type=\"hidden\" name=\"form_id\" value=\"bba6a2d\"\/>\n\t\t\t<input type=\"hidden\" name=\"referer_title\" value=\"Blog - Visit Kritsa\" \/>\n\n\t\t\t\t\t\t\t<input type=\"hidden\" name=\"queried_id\" value=\"11204\"\/>\n\t\t\t\n\t\t\t<div class=\"elementor-form-fields-wrapper elementor-labels-\">\n\t\t\t\t\t\t\t\t<div class=\"elementor-field-type-text elementor-field-group elementor-column elementor-field-group-name elementor-col-33 elementor-field-required\">\n\t\t\t\t\t\t\t\t\t\t\t\t<label for=\"form-field-name\" class=\"elementor-field-label elementor-screen-only\">\n\t\t\t\t\t\t\t\tName\t\t\t\t\t\t\t<\/label>\n\t\t\t\t\t\t\t\t\t\t\t\t\t\t<input size=\"1\" type=\"text\" name=\"form_fields[name]\" id=\"form-field-name\" class=\"elementor-field elementor-size-lg  elementor-field-textual\" placeholder=\"Name\" required=\"required\">\n\t\t\t\t\t\t\t\t\t\t\t<\/div>\n\t\t\t\t\t\t\t\t<div class=\"elementor-field-type-email elementor-field-group elementor-column elementor-field-group-email elementor-col-33 elementor-field-required\">\n\t\t\t\t\t\t\t\t\t\t\t\t<label for=\"form-field-email\" class=\"elementor-field-label elementor-screen-only\">\n\t\t\t\t\t\t\t\tE-Mail\t\t\t\t\t\t\t<\/label>\n\t\t\t\t\t\t\t\t\t\t\t\t\t\t<input size=\"1\" type=\"email\" name=\"form_fields[email]\" id=\"form-field-email\" class=\"elementor-field elementor-size-lg  elementor-field-textual\" placeholder=\"E-Mail\" required=\"required\">\n\t\t\t\t\t\t\t\t\t\t\t<\/div>\n\t\t\t\t\t\t\t\t<div class=\"elementor-field-group elementor-column elementor-field-type-submit elementor-col-30 e-form__buttons\">\n\t\t\t\t\t<button class=\"elementor-button elementor-size-lg\" type=\"submit\">\n\t\t\t\t\t\t<span class=\"elementor-button-content-wrapper\">\n\t\t\t\t\t\t\t\t\t\t\t\t\t\t\t\t\t\t\t\t\t\t<span class=\"elementor-button-text\">ABONNIEREN<\/span>\n\t\t\t\t\t\t\t\t\t\t\t\t\t<\/span>\n\t\t\t\t\t<\/button>\n\t\t\t\t<\/div>\n\t\t\t<\/div>\n\t\t<\/form>\n\t\t\t\t\t\t<\/div>\n\t\t\t\t<\/div>\n\t\t\t\t\t<\/div>\n\t\t<\/div>\n\t\t\t\t\t<\/div>\n\t\t<\/section>\n\t\t\t\t<\/div>\n\t\t","protected":false},"excerpt":{"rendered":"<p>Unser Blog Neueste Artikel &amp; News Melden Sie sich f\u00fcr unseren Newsletter an Melden Sie sich f\u00fcr unseren Newsletter an, um mit Kritsa in Verbindung zu bleiben. Erhalten Sie die neuesten Updates zu unseren Veranstaltungen, kulturellen Erlebnissen und lokalen Attraktionen direkt in Ihrem Posteingang.<\/p>\n","protected":false},"author":1,"featured_media":0,"parent":0,"menu_order":0,"comment_status":"closed","ping_status":"closed","template":"elementor_header_footer","meta":{"footnotes":""},"folder":[],"class_list":["post-11204","page","type-page","status-publish","hentry"],"yoast_head":"<!-- This site is optimized with the Yoast SEO plugin v27.5 - https:\/\/yoast.com\/product\/yoast-seo-wordpress\/ -->\n<title>Blog - Visit Kritsa<\/title>\n<meta name=\"robots\" content=\"index, follow, max-snippet:-1, max-image-preview:large, max-video-preview:-1\" \/>\n<link rel=\"canonical\" href=\"https:\/\/visitkritsa.gr\/de\/blog\/\" \/>\n<meta property=\"og:locale\" content=\"de_DE\" \/>\n<meta property=\"og:type\" content=\"article\" \/>\n<meta property=\"og:title\" content=\"Blog - Visit Kritsa\" \/>\n<meta property=\"og:description\" content=\"Unser Blog Neueste Artikel &amp; News Melden Sie sich f\u00fcr unseren Newsletter an Melden Sie sich f\u00fcr unseren Newsletter an, um mit Kritsa in Verbindung zu bleiben. Erhalten Sie die neuesten Updates zu unseren Veranstaltungen, kulturellen Erlebnissen und lokalen Attraktionen direkt in Ihrem Posteingang.\" \/>\n<meta property=\"og:url\" content=\"https:\/\/visitkritsa.gr\/de\/blog\/\" \/>\n<meta property=\"og:site_name\" content=\"Visit Kritsa\" \/>\n<meta property=\"article:modified_time\" content=\"2024-12-06T13:01:45+00:00\" \/>\n<meta name=\"twitter:card\" content=\"summary_large_image\" \/>\n<meta name=\"twitter:label1\" content=\"Gesch\u00e4tzte Lesezeit\" \/>\n\t<meta name=\"twitter:data1\" content=\"4\u00a0Minuten\" \/>\n<script type=\"application\/ld+json\" class=\"yoast-schema-graph\">{\"@context\":\"https:\\\/\\\/schema.org\",\"@graph\":[{\"@type\":\"WebPage\",\"@id\":\"https:\\\/\\\/visitkritsa.gr\\\/de\\\/blog\\\/\",\"url\":\"https:\\\/\\\/visitkritsa.gr\\\/de\\\/blog\\\/\",\"name\":\"Blog - Visit Kritsa\",\"isPartOf\":{\"@id\":\"https:\\\/\\\/visitkritsa.gr\\\/de\\\/#website\"},\"datePublished\":\"2024-08-31T22:15:25+00:00\",\"dateModified\":\"2024-12-06T13:01:45+00:00\",\"breadcrumb\":{\"@id\":\"https:\\\/\\\/visitkritsa.gr\\\/de\\\/blog\\\/#breadcrumb\"},\"inLanguage\":\"de\",\"potentialAction\":[{\"@type\":\"ReadAction\",\"target\":[\"https:\\\/\\\/visitkritsa.gr\\\/de\\\/blog\\\/\"]}]},{\"@type\":\"BreadcrumbList\",\"@id\":\"https:\\\/\\\/visitkritsa.gr\\\/de\\\/blog\\\/#breadcrumb\",\"itemListElement\":[{\"@type\":\"ListItem\",\"position\":1,\"name\":\"Home\",\"item\":\"https:\\\/\\\/visitkritsa.gr\\\/de\\\/besuchen-sie-kritsa\\\/\"},{\"@type\":\"ListItem\",\"position\":2,\"name\":\"Blog\"}]},{\"@type\":\"WebSite\",\"@id\":\"https:\\\/\\\/visitkritsa.gr\\\/de\\\/#website\",\"url\":\"https:\\\/\\\/visitkritsa.gr\\\/de\\\/\",\"name\":\"Visit Kritsa\",\"description\":\"\",\"publisher\":{\"@id\":\"https:\\\/\\\/visitkritsa.gr\\\/de\\\/#organization\"},\"potentialAction\":[{\"@type\":\"SearchAction\",\"target\":{\"@type\":\"EntryPoint\",\"urlTemplate\":\"https:\\\/\\\/visitkritsa.gr\\\/de\\\/?s={search_term_string}\"},\"query-input\":{\"@type\":\"PropertyValueSpecification\",\"valueRequired\":true,\"valueName\":\"search_term_string\"}}],\"inLanguage\":\"de\"},{\"@type\":\"Organization\",\"@id\":\"https:\\\/\\\/visitkritsa.gr\\\/de\\\/#organization\",\"name\":\"Visit Kritsa\",\"url\":\"https:\\\/\\\/visitkritsa.gr\\\/de\\\/\",\"logo\":{\"@type\":\"ImageObject\",\"inLanguage\":\"de\",\"@id\":\"https:\\\/\\\/visitkritsa.gr\\\/de\\\/#\\\/schema\\\/logo\\\/image\\\/\",\"url\":\"https:\\\/\\\/visitkritsa.gr\\\/wp-content\\\/uploads\\\/2024\\\/06\\\/mountain-view-3.png\",\"contentUrl\":\"https:\\\/\\\/visitkritsa.gr\\\/wp-content\\\/uploads\\\/2024\\\/06\\\/mountain-view-3.png\",\"width\":500,\"height\":285,\"caption\":\"Visit Kritsa\"},\"image\":{\"@id\":\"https:\\\/\\\/visitkritsa.gr\\\/de\\\/#\\\/schema\\\/logo\\\/image\\\/\"}}]}<\/script>\n<!-- \/ Yoast SEO plugin. -->","yoast_head_json":{"title":"Blog - Visit Kritsa","robots":{"index":"index","follow":"follow","max-snippet":"max-snippet:-1","max-image-preview":"max-image-preview:large","max-video-preview":"max-video-preview:-1"},"canonical":"https:\/\/visitkritsa.gr\/de\/blog\/","og_locale":"de_DE","og_type":"article","og_title":"Blog - Visit Kritsa","og_description":"Unser Blog Neueste Artikel &amp; News Melden Sie sich f\u00fcr unseren Newsletter an Melden Sie sich f\u00fcr unseren Newsletter an, um mit Kritsa in Verbindung zu bleiben. Erhalten Sie die neuesten Updates zu unseren Veranstaltungen, kulturellen Erlebnissen und lokalen Attraktionen direkt in Ihrem Posteingang.","og_url":"https:\/\/visitkritsa.gr\/de\/blog\/","og_site_name":"Visit Kritsa","article_modified_time":"2024-12-06T13:01:45+00:00","twitter_card":"summary_large_image","twitter_misc":{"Gesch\u00e4tzte Lesezeit":"4\u00a0Minuten"},"schema":{"@context":"https:\/\/schema.org","@graph":[{"@type":"WebPage","@id":"https:\/\/visitkritsa.gr\/de\/blog\/","url":"https:\/\/visitkritsa.gr\/de\/blog\/","name":"Blog - Visit Kritsa","isPartOf":{"@id":"https:\/\/visitkritsa.gr\/de\/#website"},"datePublished":"2024-08-31T22:15:25+00:00","dateModified":"2024-12-06T13:01:45+00:00","breadcrumb":{"@id":"https:\/\/visitkritsa.gr\/de\/blog\/#breadcrumb"},"inLanguage":"de","potentialAction":[{"@type":"ReadAction","target":["https:\/\/visitkritsa.gr\/de\/blog\/"]}]},{"@type":"BreadcrumbList","@id":"https:\/\/visitkritsa.gr\/de\/blog\/#breadcrumb","itemListElement":[{"@type":"ListItem","position":1,"name":"Home","item":"https:\/\/visitkritsa.gr\/de\/besuchen-sie-kritsa\/"},{"@type":"ListItem","position":2,"name":"Blog"}]},{"@type":"WebSite","@id":"https:\/\/visitkritsa.gr\/de\/#website","url":"https:\/\/visitkritsa.gr\/de\/","name":"Visit Kritsa","description":"","publisher":{"@id":"https:\/\/visitkritsa.gr\/de\/#organization"},"potentialAction":[{"@type":"SearchAction","target":{"@type":"EntryPoint","urlTemplate":"https:\/\/visitkritsa.gr\/de\/?s={search_term_string}"},"query-input":{"@type":"PropertyValueSpecification","valueRequired":true,"valueName":"search_term_string"}}],"inLanguage":"de"},{"@type":"Organization","@id":"https:\/\/visitkritsa.gr\/de\/#organization","name":"Visit Kritsa","url":"https:\/\/visitkritsa.gr\/de\/","logo":{"@type":"ImageObject","inLanguage":"de","@id":"https:\/\/visitkritsa.gr\/de\/#\/schema\/logo\/image\/","url":"https:\/\/visitkritsa.gr\/wp-content\/uploads\/2024\/06\/mountain-view-3.png","contentUrl":"https:\/\/visitkritsa.gr\/wp-content\/uploads\/2024\/06\/mountain-view-3.png","width":500,"height":285,"caption":"Visit Kritsa"},"image":{"@id":"https:\/\/visitkritsa.gr\/de\/#\/schema\/logo\/image\/"}}]}},"_links":{"self":[{"href":"https:\/\/visitkritsa.gr\/de\/wp-json\/wp\/v2\/pages\/11204","targetHints":{"allow":["GET"]}}],"collection":[{"href":"https:\/\/visitkritsa.gr\/de\/wp-json\/wp\/v2\/pages"}],"about":[{"href":"https:\/\/visitkritsa.gr\/de\/wp-json\/wp\/v2\/types\/page"}],"author":[{"embeddable":true,"href":"https:\/\/visitkritsa.gr\/de\/wp-json\/wp\/v2\/users\/1"}],"replies":[{"embeddable":true,"href":"https:\/\/visitkritsa.gr\/de\/wp-json\/wp\/v2\/comments?post=11204"}],"version-history":[{"count":4,"href":"https:\/\/visitkritsa.gr\/de\/wp-json\/wp\/v2\/pages\/11204\/revisions"}],"predecessor-version":[{"id":11398,"href":"https:\/\/visitkritsa.gr\/de\/wp-json\/wp\/v2\/pages\/11204\/revisions\/11398"}],"wp:attachment":[{"href":"https:\/\/visitkritsa.gr\/de\/wp-json\/wp\/v2\/media?parent=11204"}],"wp:term":[{"taxonomy":"folder","embeddable":true,"href":"https:\/\/visitkritsa.gr\/de\/wp-json\/wp\/v2\/folder?post=11204"}],"curies":[{"name":"wp","href":"https:\/\/api.w.org\/{rel}","templated":true}]}}